{"id":467,"date":"2016-10-13T21:26:35","date_gmt":"2016-10-13T21:26:35","guid":{"rendered":"https:\/\/www.casaforelsa.com\/?page_id=467&#038;lang=de"},"modified":"2026-01-14T10:34:24","modified_gmt":"2026-01-14T09:34:24","slug":"reservas","status":"publish","type":"page","link":"https:\/\/www.casaforelsa.com\/de\/reservas\/","title":{"rendered":"Reservas"},"content":{"rendered":"<p>&nbsp;<\/p>\n<h2>Tarifas 2026\/2027<\/h2>\n<p>Las tarifas var\u00edan seg\u00fan temporada alta, media o baja, adem\u00e1s de promociones activas.<\/p>\n<blockquote><p>Preguntar por descuentos de LARGA ESTANCIA, a partir de 6 noches, \u00a1hasta un 10%\u00a0de descuento!.<\/p><\/blockquote>\n<h3><strong>TEMPORADA ALTA\u00a0<\/strong><\/h3>\n<ul>\n<li>TARIFA fin de semana: 450\u20ac\/noche \u00b7 viernes \u2013 s\u00e1bado (IVA incluido) m\u00ednimo 2 noches.<\/li>\n<li>TARIFA entre semana: 320\u20ac\/noche \u00b7 domingo a jueves (IVA incluido) m\u00ednimo 2 noches.<\/li>\n<\/ul>\n<p style=\"text-align: left;\"><em><strong>FECHAS<\/strong>:\u00a0<\/em>Temporada de esqu\u00ed de Formigal &#8211; Panticosa, Julio &#8211; Agosto, eventos y festivos.<\/p>\n<ul>\n<li>TARIFA PLUS <strong>Navidades<\/strong>: 500\u20ac\/noche (IVA incluido) m\u00ednimo 5 noches.<\/li>\n<\/ul>\n<h3><strong>TEMPORADA\u00a0BAJA\u00a0<\/strong><\/h3>\n<ul>\n<li>TARIFA fin de semana: 400\u20ac\/noche \u00b7 viernes \u2013 s\u00e1bado (IVA incluido) m\u00ednimo 2 noches.<\/li>\n<li>TARIFA entre semana: 220\u20ac\/noche \u00b7 domingo a jueves (IVA incluido) m\u00ednimo 2 noches.<\/li>\n<\/ul>\n<p><em><strong>FECHAS<\/strong>:<\/em>\u00a0Resto del a\u00f1o.<\/p>\n<blockquote><p>Precios para una ocupaci\u00f3n m\u00e1xima de 8 personas en r\u00e9gimen de s\u00f3lo alojamiento, y los fin de semana han de ser completos.<\/p><\/blockquote>\n<p>&nbsp;<\/p>\n<h2>CONTACTO Y RESERVAS<\/h2>\n<p>Para cualquier consulta quedamos a vuestra disposici\u00f3n en <a href=\"mailto:info@casaforelsa.com\">info@casaforelsa.com<\/a>\u00a0o llamadas\/WhatsApp al +34 620 829 284, y vuestro anfitri\u00f3n os atender\u00e1 encantado \ud83d\ude42<\/p>\n<blockquote><p><em><strong>Atenci\u00f3n telef\u00f3nica<\/strong><\/em> de 10:00 am a 21:00 pm de lunes a domingo.<\/p><\/blockquote>\n<h2 style=\"text-align: center;\">INFORMACI\u00d3N Y CONDICIONES<\/h2>\n<ul>\n<li>Hora de llegada: <strong>Check-in<\/strong> a partir de las 17:00 horas.<\/li>\n<li>Hora de salida: <strong>Check-out<\/strong> antes de\u00a0las 11:00 horas.<\/li>\n<li>Siempre que nos sea posible estaremos encantados de facilitarle el acceso y salida a horas distintas a las establecidas (sujeto a disponibilidad).<\/li>\n<li>Podr\u00e1 realizar entrada aut\u00f3noma con la caja de seguridad para llaves.<\/li>\n<li>La perdida de alg\u00fan juego de llaves llevar\u00e1 un cargo adicional de 30 euros.<\/li>\n<li>El n\u00famero de hu\u00e9spedes\u00a0que puede utilizar el apartamento no debe exceder de 8.<\/li>\n<li>No est\u00e1 permitido meter los esqu\u00eds y las botas en la vivienda. Hay un espacio reservado para ello.<\/li>\n<li>La nevera debe dejarse vac\u00eda, la basura depositada en los contenedores cercanos y el menaje utilizado limpio.<\/li>\n<li><span style=\"text-decoration: underline;\">No se admiten mascotas<\/span>.<\/li>\n<li>Se permite fumar, \u00fanicamente en el sal\u00f3n.<\/li>\n<li>Hemos creado un dossier de uso de la vivienda, donde encontrar\u00e1 toda la informaci\u00f3n relevante para organizar su viaje. Puede descarg\u00e1rselo de la web, pero no se preocupe que al reservar le enviaremos una copia v\u00eda email (tambi\u00e9n hay una copia f\u00edsica en la casa).<\/li>\n<\/ul>\n<p>&nbsp;<\/p>\n<h2>CONDICIONES DE PAGO<\/h2>\n<p>&nbsp;<\/p>\n<ul>\n<li><strong>Anticipo<\/strong>\u00a0de la reserva es el\u00a0<strong>50% del total<\/strong>.<\/li>\n<li><strong>Resto<\/strong> de la reserva ser\u00e1 cargado <strong>7\u00a0d\u00edas antes de su fecha de entrada<\/strong>, en la misma\u00a0<em><strong>tarjeta<\/strong><\/em>\u00a0que utiliz\u00f3 para hacer la reserva, o se har\u00e1 una petici\u00f3n por email, si se realiz\u00f3 por\u00a0<strong><em>transferencia o Paypal.<\/em><\/strong><\/li>\n<li><strong>Fianza de desperfectos, es de 200 euros<\/strong>, no ser\u00e1n cargados, se quedar\u00e1n retenidos durante 4 d\u00edas para tener tiempo de ser inspeccionada la vivienda. Se realizar\u00e1 la petici\u00f3n en efectivo, si se ha realizado la reserva por otro medio de pago, devolvi\u00e9ndose as\u00ed el d\u00eda de la salida.<\/li>\n<li>El pago de la reserva y la confirmaci\u00f3n de la misma asume la aceptaci\u00f3n de las condiciones de reserva, las condiciones de uso y la pol\u00edtica de privacidad.<\/li>\n<\/ul>\n<p>&nbsp;<\/p>\n<h2>M\u00c9TODOS DE PAGO<\/h2>\n<p>&nbsp;<\/p>\n<ul>\n<li>Tarjeta. TPV virtual cuando realizas la reserva online<\/li>\n<li>Paypal.<\/li>\n<li>Transferencia bancaria.<\/li>\n<\/ul>\n<p>&nbsp;<\/p>\n<h2>CANCELACI\u00d3N<\/h2>\n<ul>\n<li>La cancelaci\u00f3n de la reserva ha de hacerse por escrito v\u00eda correo electr\u00f3nico a la direcci\u00f3n <a href=\"mailto:info@casforelsa.com\">info@casaforelsa.com<\/a>\u00a0o en el tel\u00e9fono +34 620 829 284.<\/li>\n<li>Si el periodo comprendido entre la fecha de cancelaci\u00f3n y la de acceso al apartamento es superior a 15 d\u00edas naturales, procederemos a devolverle cualquier importe pagado por la reserva, salvo comisi\u00f3n del portal de reservas. En caso contrario, no tendr\u00e1 derecho a su reembolso.<\/li>\n<li>No se aceptar\u00e1n cancelaciones debido a condiciones climatol\u00f3gicas, de accidente o de enfermedad. Le recomendamos contrate un seguro de viaje, accidentes, enfermedad y\/o cancelaci\u00f3n.<\/li>\n<li>En caso de modificaci\u00f3n de las fechas confirmadas, se entender\u00e1 como cancelada la reserva quedando sujeta a las condiciones generales.<\/li>\n<li>No atender a las formas y periodos de pago establecidos en nuestras condiciones de contrataci\u00f3n, significa la cancelaci\u00f3n de la reserva sin derecho al reembolso de cantidad alguna.<\/li>\n<li>Observe especialmente las condiciones de ocupaci\u00f3n de la vivienda.<\/li>\n<\/ul>\n","protected":false},"excerpt":{"rendered":"<p>&nbsp; Tarifas 2026\/2027 Las tarifas var\u00edan seg\u00fan temporada alta, media o baja, adem\u00e1s de promociones activas. Preguntar por descuentos de LARGA ESTANCIA, a partir de 6 noches, \u00a1hasta un 10%\u00a0de descuento!. TEMPORADA ALTA\u00a0 TARIFA fin de semana: 450\u20ac\/noche \u00b7 viernes \u2013 s\u00e1bado (IVA incluido) m\u00ednimo 2 noches. TARIFA entre semana: 320\u20ac\/noche \u00b7 domingo a jueves [&hellip;]<\/p>\n","protected":false},"author":1,"featured_media":0,"parent":0,"menu_order":0,"comment_status":"closed","ping_status":"closed","template":"","meta":{"footnotes":"","_joinchat":[]},"_links":{"self":[{"href":"https:\/\/www.casaforelsa.com\/de\/wp-json\/wp\/v2\/pages\/467"}],"collection":[{"href":"https:\/\/www.casaforelsa.com\/de\/wp-json\/wp\/v2\/pages"}],"about":[{"href":"https:\/\/www.casaforelsa.com\/de\/wp-json\/wp\/v2\/types\/page"}],"author":[{"embeddable":true,"href":"https:\/\/www.casaforelsa.com\/de\/wp-json\/wp\/v2\/users\/1"}],"replies":[{"embeddable":true,"href":"https:\/\/www.casaforelsa.com\/de\/wp-json\/wp\/v2\/comments?post=467"}],"version-history":[{"count":69,"href":"https:\/\/www.casaforelsa.com\/de\/wp-json\/wp\/v2\/pages\/467\/revisions"}],"predecessor-version":[{"id":1484,"href":"https:\/\/www.casaforelsa.com\/de\/wp-json\/wp\/v2\/pages\/467\/revisions\/1484"}],"wp:attachment":[{"href":"https:\/\/www.casaforelsa.com\/de\/wp-json\/wp\/v2\/media?parent=467"}],"curies":[{"name":"wp","href":"https:\/\/api.w.org\/{rel}","templated":true}]}}