{"id":469,"date":"2016-11-23T11:19:14","date_gmt":"2016-11-23T11:19:14","guid":{"rendered":"https:\/\/www.casaforelsa.com\/?page_id=469&#038;lang=de"},"modified":"2019-10-14T18:53:09","modified_gmt":"2019-10-14T18:53:09","slug":"telefonos-de-interes","status":"publish","type":"page","link":"https:\/\/www.casaforelsa.com\/de\/telefonos-de-interes\/","title":{"rendered":"TEL\u00c9FONOS DE INTER\u00c9S"},"content":{"rendered":"<div id=\"telf-content\">\n<h3 style=\"text-align: center;\">EN HOZ DE JACA<\/h3>\n<div class=\"f-full\">\n<div class=\"f-left\">Ayuntamiento<\/div>\n<div class=\"f-right\">974.487.324<\/div>\n<\/div>\n<div class=\"f-full\">\n<div class=\"f-left\">Mantenimiento Municipal<\/div>\n<div class=\"f-right\">690.858.290<\/div>\n<\/div>\n<div class=\"f-full\">\n<div class=\"f-left\">Bar Mirador<\/div>\n<div class=\"f-right\">974.487.384\/656.865.503<\/div>\n<\/div>\n<div class=\"f-full\">\n<div class=\"f-left\">Bar el Refugio<\/div>\n<div class=\"f-right\">620.932.672<\/div>\n<div class=\"f-right\"><\/div>\n<\/div>\n<h3 style=\"text-align: center;\">OFICINAS DE INFORMACI\u00d3N<\/h3>\n<div class=\"f-full\">\n<div class=\"f-left\">Formigal<\/div>\n<div class=\"f-right\">974.490.196<\/div>\n<\/div>\n<div class=\"f-full\">\n<div class=\"f-left\">Sallent de G\u00e1llego<\/div>\n<div class=\"f-right\">974.488.012<\/div>\n<\/div>\n<div class=\"f-full\">\n<div class=\"f-left\">Panticosa<\/div>\n<div class=\"f-right\">974.481.314<\/div>\n<\/div>\n<div class=\"f-full\">\n<div class=\"f-left\">Sabi\u00f1\u00e1nigo<\/div>\n<div class=\"f-right\">974.480.005<\/div>\n<\/div>\n<div class=\"f-full\">\n<div class=\"f-left\">Mancomunidad Alto G\u00e1llego<\/div>\n<div class=\"f-right\">974.483.311<\/div>\n<\/div>\n<div class=\"f-full\">\n<div class=\"f-left\">Asoc. Tur\u00edstica Valle de Tena<\/div>\n<div class=\"f-right\">974.490.196<\/div>\n<\/div>\n<h3 style=\"text-align: center;\">INFORMACI\u00d3N DE CARRETERAS<\/h3>\n<div class=\"f-full\">\n<div class=\"f-left\">Telerruta<\/div>\n<div class=\"f-right\">900.123.505<\/div>\n<\/div>\n<div class=\"f-full\">\n<div class=\"f-left\">Estado de puertos de Monta\u00f1a y Obras<\/div>\n<div class=\"f-right\">974.220.900<\/div>\n<\/div>\n<div class=\"f-full\">\n<div class=\"f-left\">Jefatura Provincial de Tr\u00e1fico<\/div>\n<div class=\"f-right\">974.221.700<\/div>\n<\/div>\n<h3 style=\"text-align: center;\">AUTOBUSES<\/h3>\n<div class=\"f-full\">\n<div class=\"f-left\">Alosa<\/div>\n<div class=\"f-right\">901.123.505<\/div>\n<\/div>\n<div class=\"f-full\">\n<div class=\"f-left\">Alosa Sabi\u00f1\u00e1nigo<\/div>\n<div class=\"f-right\">974.480.045<\/div>\n<\/div>\n<h3 style=\"text-align: center;\">RENFE<\/h3>\n<div class=\"f-full\">\n<div class=\"f-left\">Estaci\u00f3n de Sabi\u00f1\u00e1nigo<\/div>\n<div class=\"f-right\">974.480.062<\/div>\n<\/div>\n<div class=\"f-full\">\n<div class=\"f-left\">Estaci\u00f3n de Jaca<\/div>\n<div class=\"f-right\">974.361.332<\/div>\n<\/div>\n<div class=\"f-full\">\n<div class=\"f-left\">Reserva de billetes<\/div>\n<div class=\"f-right\">902.240.202<\/div>\n<\/div>\n<h3 style=\"text-align: center;\">CENTROS M\u00c9DICOS Y ASISTENCIAS<\/h3>\n<div class=\"f-full\">\n<div class=\"f-left\">Centro M\u00e9dico de Sallent de G\u00e1llego<\/div>\n<div class=\"f-right\">974.488.080<\/div>\n<\/div>\n<div class=\"f-full\">\n<div class=\"f-left\">Centro M\u00e9dico de Panticosa<\/div>\n<div class=\"f-right\">974.487.272<\/div>\n<\/div>\n<div class=\"f-full\">\n<div class=\"f-left\">Centro M\u00e9dico de Escarrilla<\/div>\n<div class=\"f-right\">974.487.513<\/div>\n<\/div>\n<div class=\"f-full\">\n<div class=\"f-left\">Centro M\u00e9dico de Biescas<\/div>\n<div class=\"f-right\">974.495.570<\/div>\n<\/div>\n<div class=\"f-full\">\n<div class=\"f-left\">Ambulatorio de Sabi\u00f1\u00e1nigo<\/div>\n<div class=\"f-right\">974.480.738<\/div>\n<\/div>\n<div class=\"f-full\">\n<div class=\"f-left\">Hospital Comarcal de Jaca<\/div>\n<div class=\"f-right\">974.355.331<\/div>\n<\/div>\n<div class=\"f-full\">\n<div class=\"f-left\">SOS Arag\u00f3n<\/div>\n<div class=\"f-right\">112<\/div>\n<\/div>\n<div class=\"f-full\">\n<div class=\"f-left\">Urgencias M\u00e9dicas<\/div>\n<div class=\"f-right\">061<\/div>\n<\/div>\n<h3 style=\"text-align: center;\">FARMACIAS<\/h3>\n<div class=\"f-full\">\n<div class=\"f-left\">Farmacia en Formigal<\/div>\n<div class=\"f-right\">974.490.390<\/div>\n<\/div>\n<div class=\"f-full\">\n<div class=\"f-left\">Farmacia en Sallent de G\u00e1llego<\/div>\n<div class=\"f-right\">974.488.158<\/div>\n<\/div>\n<div class=\"f-full\">\n<div class=\"f-left\">Farmacia en Panticosa<\/div>\n<div class=\"f-right\">974.487.643<\/div>\n<\/div>\n<div class=\"f-full\">\n<div class=\"f-left\">Farmacia en Biescas<\/div>\n<div class=\"f-right\">974.485.034<\/div>\n<\/div>\n<h3 style=\"text-align: center;\">POLIC\u00cdA, BOMBEROS Y GUARDIA CIVIL<\/h3>\n<div class=\"f-full\">\n<div class=\"f-left\">Guardia Civil de Sallent de G\u00e1llego<\/div>\n<div class=\"f-right\">974.488.580<\/div>\n<\/div>\n<div class=\"f-full\">\n<div class=\"f-left\">Polic\u00eda Local de Sallent de G\u00e1llego<\/div>\n<div class=\"f-right\">696.611.663<\/div>\n<\/div>\n<div class=\"f-full\">\n<div class=\"f-left\">Guardia Civil de Panticosa<\/div>\n<div class=\"f-right\">974.487.006<\/div>\n<\/div>\n<div class=\"f-full\">\n<div class=\"f-left\">Guardia Civil de Biescas<\/div>\n<div class=\"f-right\">974.485.003<\/div>\n<\/div>\n<div class=\"f-full\">\n<div class=\"f-left\">Cruz Roja Biescas<\/div>\n<div class=\"f-right\">974.485.116<\/div>\n<\/div>\n<div class=\"f-full\">\n<div class=\"f-left\">Urgencias Protecci\u00f3n Civil<\/div>\n<div class=\"f-right\">112<\/div>\n<\/div>\n<div class=\"f-full\">\n<div class=\"f-left\">Guardia Civil de Monta\u00f1a<\/div>\n<div class=\"f-right\">062<\/div>\n<\/div>\n<div class=\"f-full\">\n<div class=\"f-left\">SOS Monta\u00f1a<\/div>\n<div class=\"f-right\">974.361.350<\/div>\n<\/div>\n<h3 style=\"text-align: center;\">TAXIS<\/h3>\n<div class=\"f-full\">\n<div class=\"f-left\">Taxis Valle de Tena<\/div>\n<div class=\"f-right\">629.287.625\/619.757.550<\/div>\n<\/div>\n<div class=\"f-full\">\n<div class=\"f-left\">Taxis Foratata<\/div>\n<div class=\"f-right\">974.488.907\/974.488.112<\/div>\n<\/div>\n<div class=\"f-full\">\n<div class=\"f-left\">Taxis Sabi\u00f1\u00e1nigo<\/div>\n<div class=\"f-right\">974.480.857<\/div>\n<\/div>\n<h3 style=\"text-align: center;\">CORREOS Y TEL\u00c9GRAFOS<\/h3>\n<div class=\"f-full\">\n<div class=\"f-left\">Biescas<\/div>\n<div class=\"f-right\">974.495.566<\/div>\n<\/div>\n<div class=\"f-full\">\n<div class=\"f-left\">Sabi\u00f1\u00e1nigo<\/div>\n<div class=\"f-right\">974.480.857<\/div>\n<\/div>\n<h3 style=\"text-align: center;\">ESTACIONES DE ESQUI<\/h3>\n<div class=\"f-full\">\n<div class=\"f-left\">Formigal<\/div>\n<div class=\"f-right\">974.490.000<\/div>\n<\/div>\n<div class=\"f-full\">\n<div class=\"f-left\">Panticosa<\/div>\n<div class=\"f-right\">974.490.000<\/div>\n<\/div>\n<h3 style=\"text-align: center;\">PREVISION METEREOL\u00d3GICA<\/h3>\n<div class=\"f-full\">\n<div class=\"f-left\">Formigal<\/div>\n<div class=\"f-right\">974.490.000<\/div>\n<\/div>\n<div class=\"f-full\">\n<div class=\"f-left\">Panticosa<\/div>\n<div class=\"f-right\">974.487.248<\/div>\n<h3 style=\"text-align: center;\">OTROS<\/h3>\n<div class=\"f-full\">\n<div class=\"f-left\">Escuela Espa\u00f1ola de Esqu\u00ed (EEE)<\/div>\n<div class=\"f-right\">974.490.135<\/div>\n<\/div>\n<\/div>\n<\/div>\n","protected":false},"excerpt":{"rendered":"<p>EN HOZ DE JACA Ayuntamiento 974.487.324 Mantenimiento Municipal 690.858.290 Bar Mirador 974.487.384\/656.865.503 Bar el Refugio 620.932.672 OFICINAS DE INFORMACI\u00d3N Formigal 974.490.196 Sallent de G\u00e1llego 974.488.012 Panticosa 974.481.314 Sabi\u00f1\u00e1nigo 974.480.005 Mancomunidad Alto G\u00e1llego 974.483.311 Asoc. Tur\u00edstica Valle de Tena 974.490.196 INFORMACI\u00d3N DE CARRETERAS Telerruta 900.123.505 Estado de puertos de Monta\u00f1a y Obras 974.220.900 Jefatura Provincial de [&hellip;]<\/p>\n","protected":false},"author":1,"featured_media":0,"parent":0,"menu_order":0,"comment_status":"closed","ping_status":"closed","template":"","meta":{"footnotes":"","_joinchat":[]},"_links":{"self":[{"href":"https:\/\/www.casaforelsa.com\/de\/wp-json\/wp\/v2\/pages\/469"}],"collection":[{"href":"https:\/\/www.casaforelsa.com\/de\/wp-json\/wp\/v2\/pages"}],"about":[{"href":"https:\/\/www.casaforelsa.com\/de\/wp-json\/wp\/v2\/types\/page"}],"author":[{"embeddable":true,"href":"https:\/\/www.casaforelsa.com\/de\/wp-json\/wp\/v2\/users\/1"}],"replies":[{"embeddable":true,"href":"https:\/\/www.casaforelsa.com\/de\/wp-json\/wp\/v2\/comments?post=469"}],"version-history":[{"count":3,"href":"https:\/\/www.casaforelsa.com\/de\/wp-json\/wp\/v2\/pages\/469\/revisions"}],"predecessor-version":[{"id":1176,"href":"https:\/\/www.casaforelsa.com\/de\/wp-json\/wp\/v2\/pages\/469\/revisions\/1176"}],"wp:attachment":[{"href":"https:\/\/www.casaforelsa.com\/de\/wp-json\/wp\/v2\/media?parent=469"}],"curies":[{"name":"wp","href":"https:\/\/api.w.org\/{rel}","templated":true}]}}