{"id":448,"date":"2016-12-01T08:57:59","date_gmt":"2016-12-01T08:57:59","guid":{"rendered":"https:\/\/www.casaforelsa.com\/?page_id=448&#038;lang=en"},"modified":"2021-10-22T14:37:40","modified_gmt":"2021-10-22T14:37:40","slug":"proteccion-de-datos","status":"publish","type":"page","link":"https:\/\/www.casaforelsa.com\/en\/proteccion-de-datos\/","title":{"rendered":"Protecci\u00f3n de Datos"},"content":{"rendered":"<h3>PROTECCI\u00d3N DE DATOS, RESPONSABILIDADES E INFORMACI\u00d3N CONTENIDA EN NUESTRA P\u00c1GINA WEB<\/h3>\n<p>Los propietarios de Casa Forelsa no asumir\u00e1n responsabilidad sobre ning\u00fan da\u00f1o directo o indirecto que pudiera producirse del uso que haya hecho el cliente de la casa, incluyendo sin l\u00edmite de da\u00f1os, seguro, p\u00e9rdidas a causa de incendios, robos o comportamientos criminales.\u00a0La informaci\u00f3n contenida en nuestra p\u00e1gina web www.casaforelsa.com se convierte en contractual SALVO ERROR TIPOGR\u00c1FICO o similar. Hacemos un gran esfuerzo por mantener nuestra informaci\u00f3n actualizada, por favor, inf\u00f3rmanos si localizas alg\u00fan dato incorrecto. De acuerdo con lo establecido en la legislaci\u00f3n vigente en materia de Protecci\u00f3n de Datos de Car\u00e1cter Personal, queda informado y acepta la incorporaci\u00f3n de sus datos, con los \u00fanicos fines de realizar la gesti\u00f3n encomendada, informar y mantener la relaci\u00f3n comercial, en el fichero automatizado responsabilidad de Casa Forelsa quien podr\u00e1 dirigirse para ejercitar los derechos de acceso, rectificaci\u00f3n, cancelaci\u00f3n y oposici\u00f3n contenidos en la Ley por correo a la siguiente direcci\u00f3n: C\/Peralajo 34, 28342 (Valdemoro) Madrid, o en la direcci\u00f3n de email info@casaforelsa.com. Asimismo, autoriza de forma expresa a Casa Forelsa para ceder sus datos personales a colaboradores y entidades bancarias para el cumplimiento de este contrato y para finalidades de facturaci\u00f3n y cobro, respectivamente.<br \/>\nEn cumplimiento de lo prevenido en el art\u00edculo 21 de la Ley 34\/2002 de servicios de la sociedad de la informaci\u00f3n y comercio electr\u00f3nico, si usted no desea recibir m\u00e1s informaci\u00f3n sobre nuestros servicios, puede darse de baja en la siguiente direcci\u00f3n de correo electr\u00f3nico info@casaforelsa.com.<\/p>\n<p><strong>CASA FORELSA<\/strong> C\/La Travesera 3, 22662 Hoz de Jaca (Huesca).<br \/>\n<a href=\"mailto:info@casaforelsa.com\">info@casaforelsa.com<\/a><br \/>\n<a href=\"tel:0034620829284\">+34 620 82 92 84<\/a><\/p>\n","protected":false},"excerpt":{"rendered":"<p>PROTECCI\u00d3N DE DATOS, RESPONSABILIDADES E INFORMACI\u00d3N CONTENIDA EN NUESTRA P\u00c1GINA WEB Los propietarios de Casa Forelsa no asumir\u00e1n responsabilidad sobre ning\u00fan da\u00f1o directo o indirecto que pudiera producirse del uso que haya hecho el cliente de la casa, incluyendo sin l\u00edmite de da\u00f1os, seguro, p\u00e9rdidas a causa de incendios, robos o comportamientos criminales.\u00a0La informaci\u00f3n contenida [&hellip;]<\/p>\n","protected":false},"author":1,"featured_media":0,"parent":0,"menu_order":0,"comment_status":"closed","ping_status":"closed","template":"","meta":{"footnotes":"","_joinchat":[]},"_links":{"self":[{"href":"https:\/\/www.casaforelsa.com\/en\/wp-json\/wp\/v2\/pages\/448"}],"collection":[{"href":"https:\/\/www.casaforelsa.com\/en\/wp-json\/wp\/v2\/pages"}],"about":[{"href":"https:\/\/www.casaforelsa.com\/en\/wp-json\/wp\/v2\/types\/page"}],"author":[{"embeddable":true,"href":"https:\/\/www.casaforelsa.com\/en\/wp-json\/wp\/v2\/users\/1"}],"replies":[{"embeddable":true,"href":"https:\/\/www.casaforelsa.com\/en\/wp-json\/wp\/v2\/comments?post=448"}],"version-history":[{"count":1,"href":"https:\/\/www.casaforelsa.com\/en\/wp-json\/wp\/v2\/pages\/448\/revisions"}],"predecessor-version":[{"id":1230,"href":"https:\/\/www.casaforelsa.com\/en\/wp-json\/wp\/v2\/pages\/448\/revisions\/1230"}],"wp:attachment":[{"href":"https:\/\/www.casaforelsa.com\/en\/wp-json\/wp\/v2\/media?parent=448"}],"curies":[{"name":"wp","href":"https:\/\/api.w.org\/{rel}","templated":true}]}}